{"id":408,"date":"2025-08-26T16:24:10","date_gmt":"2025-08-26T16:24:10","guid":{"rendered":"https:\/\/emergencymitigationpros.biz\/proyectos\/"},"modified":"2026-04-17T01:33:30","modified_gmt":"2026-04-17T01:33:30","slug":"proyectos","status":"publish","type":"page","link":"https:\/\/emergencymitigationpros.biz\/es\/proyectos\/","title":{"rendered":"Proyectos"},"content":{"rendered":"<p>[et_pb_section fb_built=\u00bb1&#8243; custom_padding_last_edited=\u00bbon|phone\u00bb admin_label=\u00bbHeader\u00bb _builder_version=\u00bb4.27.4&#8243; use_background_color_gradient=\u00bbon\u00bb background_color_gradient_stops=\u00bbrgba(255,255,255,0.5) 10%|rgba(255,255,255,0.9) 50%|rgba(255,255,255,0.5) 90%\u00bb background_color_gradient_overlays_image=\u00bbon\u00bb background_color_gradient_start=\u00bbrgba(255,255,255,0)\u00bb background_color_gradient_end=\u00bb#f9fafc\u00bb background_image=\u00bbhttps:\/\/emergencymitigationpros.biz\/wp-content\/uploads\/2025\/08\/Emergency-Mitigation-Pros-6.png\u00bb background_position=\u00bbcenter_right\u00bb custom_margin=\u00bb|||\u00bb custom_padding=\u00bb12vw||12vw||true|false\u00bb custom_padding_tablet=\u00bb||||false|false\u00bb custom_padding_phone=\u00bb||||false|false\u00bb global_colors_info=\u00bb{}\u00bb][et_pb_row _builder_version=\u00bb4.27.4&#8243; max_width=\u00bb1280px\u00bb use_custom_width=\u00bbon\u00bb custom_width_px=\u00bb1280px\u00bb global_colors_info=\u00bb{}\u00bb][et_pb_column type=\u00bb4_4&#8243; _builder_version=\u00bb4.27.4&#8243; custom_padding=\u00bb|||\u00bb global_colors_info=\u00bb{}\u00bb custom_padding__hover=\u00bb|||\u00bb][et_pb_text _builder_version=\u00bb4.27.4&#8243; text_font=\u00bb||||||||\u00bb header_font=\u00bbOrbitron|700||on|||||\u00bb header_font_size=\u00bb50px\u00bb header_line_height=\u00bb1.4em\u00bb header_2_font=\u00bbNunito|700|||||||\u00bb header_2_text_color=\u00bbgcid-c698098b-4301-41cc-aae9-6264e4e81968&#8243; header_2_font_size=\u00bb30px\u00bb header_2_line_height=\u00bb1.6em\u00bb text_orientation=\u00bbcenter\u00bb animation_style=\u00bbslide\u00bb animation_direction=\u00bbbottom\u00bb header_font_size_tablet=\u00bb40px\u00bb header_font_size_phone=\u00bb26px\u00bb header_font_size_last_edited=\u00bbon|desktop\u00bb header_2_font_size_tablet=\u00bb28px\u00bb header_2_font_size_phone=\u00bb18px\u00bb header_2_font_size_last_edited=\u00bbon|phone\u00bb global_colors_info=\u00bb{%22gcid-c698098b-4301-41cc-aae9-6264e4e81968%22:%91%22header_2_text_color%22%93}\u00bb]<\/p>\n<h1>Resultados reales. Impacto real.<\/h1>\n<h2> Descubre c\u00f3mo restauramos hogares, reconstruimos vidas y devolvemos la tranquilidad tras un desastre<\/h2>\n<p>[\/et_pb_text][et_pb_button button_url=\u00bbtel:+14046267578&#8243; url_new_window=\u00bbon\u00bb button_text=\u00bbLlame ahora: (404) 626-7578&#8243; button_alignment=\u00bbcenter\u00bb button_alignment_last_edited=\u00bboff|desktop\u00bb _builder_version=\u00bb4.27.4&#8243; custom_button=\u00bbon\u00bb button_text_size=\u00bb24px\u00bb button_text_color=\u00bbgcid-94c36751-409e-45c8-8904-6e920e093bd8&#8243; button_bg_use_color_gradient=\u00bbon\u00bb button_bg_color_gradient_direction=\u00bb90deg\u00bb button_bg_color_gradient_stops=\u00bbgcid-16271619-f2d0-464c-b4c2-499631f6ba36 0%|gcid-d3146f6e-43de-40cf-a07a-6908cee0f603 35%\u00bb button_border_width=\u00bb0px\u00bb button_border_color=\u00bbrgba(0,0,0,0)\u00bb button_border_radius=\u00bb3px\u00bb button_font=\u00bbNunito|600|||||||\u00bb button_icon=\u00bb&#xe090;||divi||400&#8243; button_icon_placement=\u00bbleft\u00bb button_on_hover=\u00bboff\u00bb animation_style=\u00bbbounce\u00bb button_text_size_tablet=\u00bb24px\u00bb button_text_size_phone=\u00bb18px\u00bb button_text_size_last_edited=\u00bbon|phone\u00bb button_text_color_hover=\u00bb#ffffff\u00bb button_border_color_hover=\u00bbrgba(0,0,0,0)\u00bb button_border_radius_hover=\u00bb100px\u00bb button_bg_color_hover=\u00bb#0059c3&#8243; global_colors_info=\u00bb{%22gcid-94c36751-409e-45c8-8904-6e920e093bd8%22:%91%22button_text_color%22%93,%22gcid-3302edf7-b5e5-42d5-a696-212319fc0bf2%22:%91%22button_bg_color%22%93,%22gcid-c698098b-4301-41cc-aae9-6264e4e81968%22:%91%22button_bg_color_gradient_stops%22%93}\u00bb button_text_size__hover_enabled=\u00bboff\u00bb button_one_text_size__hover_enabled=\u00bboff\u00bb button_two_text_size__hover_enabled=\u00bboff\u00bb button_text_color__hover_enabled=\u00bbon|desktop\u00bb button_text_color__hover=\u00bb#ffffff\u00bb button_one_text_color__hover_enabled=\u00bboff\u00bb button_two_text_color__hover_enabled=\u00bboff\u00bb button_border_width__hover_enabled=\u00bboff\u00bb button_one_border_width__hover_enabled=\u00bboff\u00bb button_two_border_width__hover_enabled=\u00bboff\u00bb button_border_color__hover_enabled=\u00bbon\u00bb button_border_color__hover=\u00bbrgba(0,0,0,0)\u00bb button_one_border_color__hover_enabled=\u00bboff\u00bb button_two_border_color__hover_enabled=\u00bboff\u00bb button_border_radius__hover_enabled=\u00bboff|desktop\u00bb button_border_radius__hover=\u00bb100px\u00bb button_one_border_radius__hover_enabled=\u00bboff\u00bb button_two_border_radius__hover_enabled=\u00bboff\u00bb button_letter_spacing__hover_enabled=\u00bboff\u00bb button_one_letter_spacing__hover_enabled=\u00bboff\u00bb button_two_letter_spacing__hover_enabled=\u00bboff\u00bb button_bg_color__hover_enabled=\u00bbon|hover\u00bb button_bg_color__hover=\u00bb#0059c3&#8243; button_one_bg_color__hover_enabled=\u00bboff\u00bb button_two_bg_color__hover_enabled=\u00bboff\u00bb button_bg_color_gradient_stops__hover=\u00bb#0e3c6f 0%|#148ed1 90%\u00bb button_bg_use_color_gradient__hover=\u00bbon\u00bb][\/et_pb_button][\/et_pb_column][\/et_pb_row][\/et_pb_section][et_pb_section fb_built=\u00bb1&#8243; admin_label=\u00bbEmail and FAQ\u00bb _builder_version=\u00bb4.16&#8243; global_colors_info=\u00bb{}\u00bb][et_pb_row _builder_version=\u00bb4.27.4&#8243; width=\u00bb90%\u00bb max_width=\u00bb100%\u00bb global_colors_info=\u00bb{}\u00bb][et_pb_column type=\u00bb4_4&#8243; _builder_version=\u00bb4.16&#8243; custom_padding=\u00bb|||\u00bb global_colors_info=\u00bb{}\u00bb custom_padding__hover=\u00bb|||\u00bb][et_pb_text _builder_version=\u00bb4.27.4&#8243; text_font=\u00bbNunito|600|||||||\u00bb text_text_color=\u00bbgcid-body-color\u00bb text_font_size=\u00bb18px\u00bb text_line_height=\u00bb1.8em\u00bb header_font=\u00bb||||||||\u00bb header_2_font=\u00bbOrbitron|700||on|||||\u00bb header_2_text_align=\u00bbcenter\u00bb header_2_text_color=\u00bbgcid-40578785-237b-422a-9525-62d28b50fbed\u00bb header_2_font_size=\u00bb40px\u00bb header_2_line_height=\u00bb1.4em\u00bb header_3_font=\u00bbOrbitron|700||on|||||\u00bb header_3_text_align=\u00bbleft\u00bb header_3_text_color=\u00bbgcid-40578785-237b-422a-9525-62d28b50fbed\u00bb header_3_font_size=\u00bb24px\u00bb header_5_font=\u00bbNunito|700|||||||\u00bb header_5_text_align=\u00bbleft\u00bb header_5_text_color=\u00bbgcid-c698098b-4301-41cc-aae9-6264e4e81968&#8243; header_5_font_size=\u00bb22px\u00bb header_5_line_height=\u00bb1.7em\u00bb text_orientation=\u00bbcenter\u00bb animation_style=\u00bbfade\u00bb header_2_text_align_tablet=\u00bbcenter\u00bb header_2_text_align_phone=\u00bbcenter\u00bb header_2_text_align_last_edited=\u00bbon|phone\u00bb header_2_font_size_tablet=\u00bb\u00bb header_2_font_size_phone=\u00bb28px\u00bb header_2_font_size_last_edited=\u00bbon|phone\u00bb header_3_text_align_tablet=\u00bbcenter\u00bb header_3_text_align_phone=\u00bbcenter\u00bb header_3_text_align_last_edited=\u00bbon|phone\u00bb header_5_text_align_tablet=\u00bbcenter\u00bb header_5_text_align_phone=\u00bbcenter\u00bb header_5_text_align_last_edited=\u00bbon|tablet\u00bb locked=\u00bboff\u00bb global_colors_info=\u00bb{%22gcid-body-color%22:%91%22text_text_color%22%93,%22gcid-40578785-237b-422a-9525-62d28b50fbed%22:%91%22header_2_text_color%22,%22header_3_text_color%22%93,%22gcid-c698098b-4301-41cc-aae9-6264e4e81968%22:%91%22header_5_text_color%22%93}\u00bb]<\/p>\n<h2>Nuestro trabajo en acci\u00f3n<\/span><\/h2>\n<p><span>Explora nuestros proyectos de restauraci\u00f3n recientes y comprueba la diferencia que marca nuestro equipo de expertos cuando m\u00e1s importa<\/span>[\/et_pb_text][\/et_pb_column][\/et_pb_row][et_pb_row _builder_version=\u00bb4.27.4&#8243; _module_preset=\u00bbdefault\u00bb width=\u00bb98%\u00bb max_width=\u00bb100%\u00bb custom_padding=\u00bb0px||1px|||\u00bb global_colors_info=\u00bb{}\u00bb][et_pb_column type=\u00bb4_4&#8243; _builder_version=\u00bb4.27.4&#8243; _module_preset=\u00bbdefault\u00bb global_colors_info=\u00bb{}\u00bb][et_pb_code _builder_version=\u00bb4.27.6&#8243; _module_preset=\u00bbdefault\u00bb hover_enabled=\u00bb0&#8243; global_colors_info=\u00bb{}\u00bb sticky_enabled=\u00bb0&#8243;]<div id=\"trustindex-feed-container-instagram-9369e2444af24b3\"><\/div>[\/et_pb_code][\/et_pb_column][\/et_pb_row][\/et_pb_section]<\/p>\n","protected":false},"excerpt":{"rendered":"<p>Resultados reales. Impacto real. Descubre c\u00f3mo restauramos hogares, reconstruimos vidas y devolvemos la tranquilidad tras un desastreNuestro trabajo en acci\u00f3n Explora nuestros proyectos de restauraci\u00f3n recientes y comprueba la diferencia que marca nuestro equipo de expertos cuando m\u00e1s importa<div id=\"trustindex-feed-container-instagram-9369e2444b4cfc9\"><\/div><\/p>\n","protected":false},"author":1,"featured_media":407,"parent":0,"menu_order":0,"comment_status":"closed","ping_status":"closed","template":"","meta":{"_et_pb_use_builder":"on","_et_pb_old_content":"","_et_gb_content_width":"","footnotes":""},"class_list":["post-408","page","type-page","status-publish","has-post-thumbnail","hentry"],"yoast_head":"<!-- This site is optimized with the Yoast SEO plugin v27.4 - https:\/\/yoast.com\/product\/yoast-seo-wordpress\/ -->\n<title>Proyectos - Emergency Mitigation Pros<\/title>\n<meta name=\"description\" content=\"Explora nuestros proyectos de restauraci\u00f3n recientes y comprueba la diferencia que marca nuestro equipo de expertos cuando m\u00e1s importa. Restauramos hogares y reconstruimos vidas\" \/>\n<meta name=\"robots\" content=\"index, follow, max-snippet:-1, max-image-preview:large, max-video-preview:-1\" \/>\n<link rel=\"canonical\" href=\"https:\/\/emergencymitigationpros.biz\/es\/proyectos\/\" \/>\n<meta property=\"og:locale\" content=\"es_ES\" \/>\n<meta property=\"og:type\" content=\"article\" \/>\n<meta property=\"og:title\" content=\"Proyectos - Emergency Mitigation Pros\" \/>\n<meta property=\"og:description\" content=\"Explora nuestros proyectos de restauraci\u00f3n recientes y comprueba la diferencia que marca nuestro equipo de expertos cuando m\u00e1s importa. Restauramos hogares y reconstruimos vidas\" \/>\n<meta property=\"og:url\" content=\"https:\/\/emergencymitigationpros.biz\/es\/proyectos\/\" \/>\n<meta property=\"og:site_name\" content=\"Emergency Mitigation Pros\" \/>\n<meta property=\"article:publisher\" content=\"https:\/\/www.facebook.com\/profile.php?id=61578864355746\" \/>\n<meta property=\"article:modified_time\" content=\"2026-04-17T01:33:30+00:00\" \/>\n<meta property=\"og:image\" content=\"https:\/\/emergencymitigationpros.biz\/wp-content\/uploads\/2025\/08\/Emergency-Mitigation-Pros-6.png\" \/>\n\t<meta property=\"og:image:width\" content=\"1920\" \/>\n\t<meta property=\"og:image:height\" content=\"1080\" \/>\n\t<meta property=\"og:image:type\" content=\"image\/png\" \/>\n<meta name=\"twitter:card\" content=\"summary_large_image\" \/>\n<meta name=\"twitter:label1\" content=\"Tiempo de lectura\" \/>\n\t<meta name=\"twitter:data1\" content=\"5 minutos\" \/>\n<script type=\"application\/ld+json\" class=\"yoast-schema-graph\">{\"@context\":\"https:\\\/\\\/schema.org\",\"@graph\":[{\"@type\":\"WebPage\",\"@id\":\"https:\\\/\\\/emergencymitigationpros.biz\\\/es\\\/proyectos\\\/\",\"url\":\"https:\\\/\\\/emergencymitigationpros.biz\\\/es\\\/proyectos\\\/\",\"name\":\"Proyectos - Emergency Mitigation Pros\",\"isPartOf\":{\"@id\":\"https:\\\/\\\/emergencymitigationpros.biz\\\/es\\\/#website\"},\"primaryImageOfPage\":{\"@id\":\"https:\\\/\\\/emergencymitigationpros.biz\\\/es\\\/proyectos\\\/#primaryimage\"},\"image\":{\"@id\":\"https:\\\/\\\/emergencymitigationpros.biz\\\/es\\\/proyectos\\\/#primaryimage\"},\"thumbnailUrl\":\"https:\\\/\\\/emergencymitigationpros.biz\\\/wp-content\\\/uploads\\\/2025\\\/08\\\/Emergency-Mitigation-Pros-6.png\",\"datePublished\":\"2025-08-26T16:24:10+00:00\",\"dateModified\":\"2026-04-17T01:33:30+00:00\",\"description\":\"Explora nuestros proyectos de restauraci\u00f3n recientes y comprueba la diferencia que marca nuestro equipo de expertos cuando m\u00e1s importa. Restauramos hogares y reconstruimos vidas\",\"breadcrumb\":{\"@id\":\"https:\\\/\\\/emergencymitigationpros.biz\\\/es\\\/proyectos\\\/#breadcrumb\"},\"inLanguage\":\"es\",\"potentialAction\":[{\"@type\":\"ReadAction\",\"target\":[\"https:\\\/\\\/emergencymitigationpros.biz\\\/es\\\/proyectos\\\/\"]}]},{\"@type\":\"ImageObject\",\"inLanguage\":\"es\",\"@id\":\"https:\\\/\\\/emergencymitigationpros.biz\\\/es\\\/proyectos\\\/#primaryimage\",\"url\":\"https:\\\/\\\/emergencymitigationpros.biz\\\/wp-content\\\/uploads\\\/2025\\\/08\\\/Emergency-Mitigation-Pros-6.png\",\"contentUrl\":\"https:\\\/\\\/emergencymitigationpros.biz\\\/wp-content\\\/uploads\\\/2025\\\/08\\\/Emergency-Mitigation-Pros-6.png\",\"width\":1920,\"height\":1080,\"caption\":\"Proyectos de restauraci\u00f3n\"},{\"@type\":\"BreadcrumbList\",\"@id\":\"https:\\\/\\\/emergencymitigationpros.biz\\\/es\\\/proyectos\\\/#breadcrumb\",\"itemListElement\":[{\"@type\":\"ListItem\",\"position\":1,\"name\":\"Home\",\"item\":\"https:\\\/\\\/emergencymitigationpros.biz\\\/es\\\/\"},{\"@type\":\"ListItem\",\"position\":2,\"name\":\"Proyectos\"}]},{\"@type\":\"WebSite\",\"@id\":\"https:\\\/\\\/emergencymitigationpros.biz\\\/es\\\/#website\",\"url\":\"https:\\\/\\\/emergencymitigationpros.biz\\\/es\\\/\",\"name\":\"Emergency Mitigation Pros\",\"description\":\"We care beyond the claim\",\"publisher\":{\"@id\":\"https:\\\/\\\/emergencymitigationpros.biz\\\/es\\\/#organization\"},\"potentialAction\":[{\"@type\":\"SearchAction\",\"target\":{\"@type\":\"EntryPoint\",\"urlTemplate\":\"https:\\\/\\\/emergencymitigationpros.biz\\\/es\\\/?s={search_term_string}\"},\"query-input\":{\"@type\":\"PropertyValueSpecification\",\"valueRequired\":true,\"valueName\":\"search_term_string\"}}],\"inLanguage\":\"es\"},{\"@type\":\"Organization\",\"@id\":\"https:\\\/\\\/emergencymitigationpros.biz\\\/es\\\/#organization\",\"name\":\"Emergency Mitigation Pros\",\"url\":\"https:\\\/\\\/emergencymitigationpros.biz\\\/es\\\/\",\"logo\":{\"@type\":\"ImageObject\",\"inLanguage\":\"es\",\"@id\":\"https:\\\/\\\/emergencymitigationpros.biz\\\/es\\\/#\\\/schema\\\/logo\\\/image\\\/\",\"url\":\"https:\\\/\\\/emergencymitigationpros.biz\\\/wp-content\\\/uploads\\\/2025\\\/07\\\/Emergency-Litigation-Pros-Logo-scaled.png\",\"contentUrl\":\"https:\\\/\\\/emergencymitigationpros.biz\\\/wp-content\\\/uploads\\\/2025\\\/07\\\/Emergency-Litigation-Pros-Logo-scaled.png\",\"width\":2560,\"height\":1043,\"caption\":\"Emergency Mitigation Pros\"},\"image\":{\"@id\":\"https:\\\/\\\/emergencymitigationpros.biz\\\/es\\\/#\\\/schema\\\/logo\\\/image\\\/\"},\"sameAs\":[\"https:\\\/\\\/www.facebook.com\\\/profile.php?id=61578864355746\",\"https:\\\/\\\/www.instagram.com\\\/emergencymitigationpros\\\/\"]}]}<\/script>\n<!-- \/ Yoast SEO plugin. -->","yoast_head_json":{"title":"Proyectos - Emergency Mitigation Pros","description":"Explora nuestros proyectos de restauraci\u00f3n recientes y comprueba la diferencia que marca nuestro equipo de expertos cuando m\u00e1s importa. Restauramos hogares y reconstruimos vidas","robots":{"index":"index","follow":"follow","max-snippet":"max-snippet:-1","max-image-preview":"max-image-preview:large","max-video-preview":"max-video-preview:-1"},"canonical":"https:\/\/emergencymitigationpros.biz\/es\/proyectos\/","og_locale":"es_ES","og_type":"article","og_title":"Proyectos - Emergency Mitigation Pros","og_description":"Explora nuestros proyectos de restauraci\u00f3n recientes y comprueba la diferencia que marca nuestro equipo de expertos cuando m\u00e1s importa. Restauramos hogares y reconstruimos vidas","og_url":"https:\/\/emergencymitigationpros.biz\/es\/proyectos\/","og_site_name":"Emergency Mitigation Pros","article_publisher":"https:\/\/www.facebook.com\/profile.php?id=61578864355746","article_modified_time":"2026-04-17T01:33:30+00:00","og_image":[{"width":1920,"height":1080,"url":"https:\/\/emergencymitigationpros.biz\/wp-content\/uploads\/2025\/08\/Emergency-Mitigation-Pros-6.png","type":"image\/png"}],"twitter_card":"summary_large_image","twitter_misc":{"Tiempo de lectura":"5 minutos"},"schema":{"@context":"https:\/\/schema.org","@graph":[{"@type":"WebPage","@id":"https:\/\/emergencymitigationpros.biz\/es\/proyectos\/","url":"https:\/\/emergencymitigationpros.biz\/es\/proyectos\/","name":"Proyectos - Emergency Mitigation Pros","isPartOf":{"@id":"https:\/\/emergencymitigationpros.biz\/es\/#website"},"primaryImageOfPage":{"@id":"https:\/\/emergencymitigationpros.biz\/es\/proyectos\/#primaryimage"},"image":{"@id":"https:\/\/emergencymitigationpros.biz\/es\/proyectos\/#primaryimage"},"thumbnailUrl":"https:\/\/emergencymitigationpros.biz\/wp-content\/uploads\/2025\/08\/Emergency-Mitigation-Pros-6.png","datePublished":"2025-08-26T16:24:10+00:00","dateModified":"2026-04-17T01:33:30+00:00","description":"Explora nuestros proyectos de restauraci\u00f3n recientes y comprueba la diferencia que marca nuestro equipo de expertos cuando m\u00e1s importa. Restauramos hogares y reconstruimos vidas","breadcrumb":{"@id":"https:\/\/emergencymitigationpros.biz\/es\/proyectos\/#breadcrumb"},"inLanguage":"es","potentialAction":[{"@type":"ReadAction","target":["https:\/\/emergencymitigationpros.biz\/es\/proyectos\/"]}]},{"@type":"ImageObject","inLanguage":"es","@id":"https:\/\/emergencymitigationpros.biz\/es\/proyectos\/#primaryimage","url":"https:\/\/emergencymitigationpros.biz\/wp-content\/uploads\/2025\/08\/Emergency-Mitigation-Pros-6.png","contentUrl":"https:\/\/emergencymitigationpros.biz\/wp-content\/uploads\/2025\/08\/Emergency-Mitigation-Pros-6.png","width":1920,"height":1080,"caption":"Proyectos de restauraci\u00f3n"},{"@type":"BreadcrumbList","@id":"https:\/\/emergencymitigationpros.biz\/es\/proyectos\/#breadcrumb","itemListElement":[{"@type":"ListItem","position":1,"name":"Home","item":"https:\/\/emergencymitigationpros.biz\/es\/"},{"@type":"ListItem","position":2,"name":"Proyectos"}]},{"@type":"WebSite","@id":"https:\/\/emergencymitigationpros.biz\/es\/#website","url":"https:\/\/emergencymitigationpros.biz\/es\/","name":"Emergency Mitigation Pros","description":"We care beyond the claim","publisher":{"@id":"https:\/\/emergencymitigationpros.biz\/es\/#organization"},"potentialAction":[{"@type":"SearchAction","target":{"@type":"EntryPoint","urlTemplate":"https:\/\/emergencymitigationpros.biz\/es\/?s={search_term_string}"},"query-input":{"@type":"PropertyValueSpecification","valueRequired":true,"valueName":"search_term_string"}}],"inLanguage":"es"},{"@type":"Organization","@id":"https:\/\/emergencymitigationpros.biz\/es\/#organization","name":"Emergency Mitigation Pros","url":"https:\/\/emergencymitigationpros.biz\/es\/","logo":{"@type":"ImageObject","inLanguage":"es","@id":"https:\/\/emergencymitigationpros.biz\/es\/#\/schema\/logo\/image\/","url":"https:\/\/emergencymitigationpros.biz\/wp-content\/uploads\/2025\/07\/Emergency-Litigation-Pros-Logo-scaled.png","contentUrl":"https:\/\/emergencymitigationpros.biz\/wp-content\/uploads\/2025\/07\/Emergency-Litigation-Pros-Logo-scaled.png","width":2560,"height":1043,"caption":"Emergency Mitigation Pros"},"image":{"@id":"https:\/\/emergencymitigationpros.biz\/es\/#\/schema\/logo\/image\/"},"sameAs":["https:\/\/www.facebook.com\/profile.php?id=61578864355746","https:\/\/www.instagram.com\/emergencymitigationpros\/"]}]}},"_links":{"self":[{"href":"https:\/\/emergencymitigationpros.biz\/es\/wp-json\/wp\/v2\/pages\/408","targetHints":{"allow":["GET"]}}],"collection":[{"href":"https:\/\/emergencymitigationpros.biz\/es\/wp-json\/wp\/v2\/pages"}],"about":[{"href":"https:\/\/emergencymitigationpros.biz\/es\/wp-json\/wp\/v2\/types\/page"}],"author":[{"embeddable":true,"href":"https:\/\/emergencymitigationpros.biz\/es\/wp-json\/wp\/v2\/users\/1"}],"replies":[{"embeddable":true,"href":"https:\/\/emergencymitigationpros.biz\/es\/wp-json\/wp\/v2\/comments?post=408"}],"version-history":[{"count":4,"href":"https:\/\/emergencymitigationpros.biz\/es\/wp-json\/wp\/v2\/pages\/408\/revisions"}],"predecessor-version":[{"id":520,"href":"https:\/\/emergencymitigationpros.biz\/es\/wp-json\/wp\/v2\/pages\/408\/revisions\/520"}],"wp:featuredmedia":[{"embeddable":true,"href":"https:\/\/emergencymitigationpros.biz\/es\/wp-json\/wp\/v2\/media\/407"}],"wp:attachment":[{"href":"https:\/\/emergencymitigationpros.biz\/es\/wp-json\/wp\/v2\/media?parent=408"}],"curies":[{"name":"wp","href":"https:\/\/api.w.org\/{rel}","templated":true}]}}